{"id":23,"date":"2019-07-27T11:33:17","date_gmt":"2019-07-27T09:33:17","guid":{"rendered":"http:\/\/massages-tuina.com\/?p=23"},"modified":"2021-05-05T14:49:35","modified_gmt":"2021-05-05T12:49:35","slug":"23-2","status":"publish","type":"page","link":"https:\/\/massages-tuina.com\/","title":{"rendered":"TUI-NA"},"content":{"rendered":"\n<h2 class=\"wp-block-heading\">Information Importante<\/h2>\n\n\n\n<p><strong><em><span style=\"color:#4edcc7\" class=\"has-inline-color\">Le cabinet est r\u00e9ouvert depuis le 28.04.2021. <\/span><\/em><\/strong><\/p>\n\n\n\n<p> <\/p>\n\n\n\n<p>Le postulat de d\u00e9part de la m\u00e9decine Chinoise est que notre organisme fonctionne de mani\u00e8re parfaite et que ce sont les effets engendr\u00e9s par les activit\u00e9s et l\u2019environnement qui provoquent les d\u00e9s\u00e9quilibres.<\/p>\n\n\n\n<p>Le TUI-NA ou massage m\u00e9dicinal Chinois est une discipline qui met en jeu la stimulation des points d&#8217;\u00e9nergie utilisant les m\u00e9ridiens du corps. L&#8217;int\u00e9r\u00eat de ce r\u00e9\u00e9quilibrage est d&#8217;obtenir un soulagement rapide de diff\u00e9rents sympt\u00f4mes.<\/p>\n\n\n\n<p>Cette pratique est connue depuis 3000 ans et fait toujours partie de l&#8217;arsenal actuel th\u00e9rapeutique en Chine.<\/p>\n\n\n\n<p>L&#8217;efficacit\u00e9 de cette m\u00e9thode fait preuve depuis des mill\u00e9naires.<\/p>\n\n\n\n<p>Le Tui-Na est encore peu connu en occident malgr\u00e9 les nombreux effets b\u00e9n\u00e9fiques sur la sant\u00e9.<\/p>\n\n\n\n<p>Le massage n&#8217;est pas envisag\u00e9 uniquement comme un simple moment de d\u00e9tente mais aussi comme un moyen de soigner les personnes.<\/p>\n\n\n\n<p>D\u00e8s les premi\u00e8res s\u00e9ances un sentiment de bien-\u00eatre et relaxation en r\u00e9sulte.<\/p>\n\n\n\n<div class=\"wp-block-image\"><figure class=\"aligncenter\"><img loading=\"lazy\" decoding=\"async\" width=\"800\" height=\"533\" src=\"https:\/\/massages-tuina.com\/wp-content\/uploads\/2019\/08\/MG_8557_600.jpg\" alt=\"\" class=\"wp-image-96\" srcset=\"https:\/\/massages-tuina.com\/wp-content\/uploads\/2019\/08\/MG_8557_600.jpg 800w, https:\/\/massages-tuina.com\/wp-content\/uploads\/2019\/08\/MG_8557_600-300x200.jpg 300w, https:\/\/massages-tuina.com\/wp-content\/uploads\/2019\/08\/MG_8557_600-768x512.jpg 768w\" sizes=\"auto, (max-width: 800px) 100vw, 800px\" \/><\/figure><\/div>\n\n\n\n<div class=\"wp-block-image\"><figure class=\"aligncenter\"><img loading=\"lazy\" decoding=\"async\" width=\"200\" height=\"168\" src=\"https:\/\/massages-tuina.com\/wp-content\/uploads\/2019\/07\/tuina-logo-seul.png\" alt=\"\" class=\"wp-image-56\"\/><\/figure><\/div>\n","protected":false},"excerpt":{"rendered":"<p>Information Importante Le cabinet est r\u00e9ouvert depuis le 28.04.2021. Le postulat de d\u00e9part de la m\u00e9decine Chinoise est que notre organisme fonctionne de mani\u00e8re parfaite et que ce sont les effets engendr\u00e9s par les activit\u00e9s et l\u2019environnement qui provoquent les d\u00e9s\u00e9quilibres. Le TUI-NA ou massage m\u00e9dicinal Chinois est une discipline qui met en jeu la stimulation des points d&#8217;\u00e9nergie utilisant les m\u00e9ridiens du corps. L&#8217;int\u00e9r\u00eat de ce r\u00e9\u00e9quilibrage est d&#8217;obtenir un soulagement rapide de diff\u00e9rents sympt\u00f4mes. Cette pratique est connue depuis 3000 ans et fait toujours partie de l&#8217;arsenal actuel th\u00e9rapeutique en Chine. L&#8217;efficacit\u00e9 de cette m\u00e9thode fait preuve depuis des mill\u00e9naires. Le Tui-Na est encore peu connu en occident malgr\u00e9 les nombreux effets b\u00e9n\u00e9fiques sur la sant\u00e9. Le massage n&#8217;est pas envisag\u00e9 uniquement comme un simple moment de d\u00e9tente mais aussi comme un moyen de soigner les personnes. D\u00e8s les premi\u00e8res s\u00e9ances un sentiment de bien-\u00eatre et relaxation en r\u00e9sulte.<\/p>\n","protected":false},"author":1,"featured_media":0,"parent":0,"menu_order":0,"comment_status":"closed","ping_status":"open","template":"","meta":{"footnotes":""},"class_list":["post-23","page","type-page","status-publish","hentry"],"yoast_head":"<!-- This site is optimized with the Yoast SEO plugin v27.6 - https:\/\/yoast.com\/product\/yoast-seo-wordpress\/ -->\n<title>TUI-NA &#8212; Massages Tuina<\/title>\n<meta name=\"robots\" content=\"index, follow, max-snippet:-1, max-image-preview:large, max-video-preview:-1\" \/>\n<link rel=\"canonical\" href=\"https:\/\/massages-tuina.com\/\" \/>\n<meta property=\"og:locale\" content=\"en_US\" \/>\n<meta property=\"og:type\" content=\"article\" \/>\n<meta property=\"og:title\" content=\"TUI-NA &#8212; Massages Tuina\" \/>\n<meta property=\"og:description\" content=\"Information Importante Le cabinet est r\u00e9ouvert depuis le 28.04.2021. Le postulat de d\u00e9part de la m\u00e9decine Chinoise est que notre organisme fonctionne de mani\u00e8re parfaite et que ce sont les effets engendr\u00e9s par les activit\u00e9s et l\u2019environnement qui provoquent les d\u00e9s\u00e9quilibres. Le TUI-NA ou massage m\u00e9dicinal Chinois est une discipline qui met en jeu la stimulation des points d&#8217;\u00e9nergie utilisant les m\u00e9ridiens du corps. L&#8217;int\u00e9r\u00eat de ce r\u00e9\u00e9quilibrage est d&#8217;obtenir un soulagement rapide de diff\u00e9rents sympt\u00f4mes. Cette pratique est connue depuis 3000 ans et fait toujours partie de l&#8217;arsenal actuel th\u00e9rapeutique en Chine. L&#8217;efficacit\u00e9 de cette m\u00e9thode fait preuve depuis des mill\u00e9naires. Le Tui-Na est encore peu connu en occident malgr\u00e9 les nombreux effets b\u00e9n\u00e9fiques sur la sant\u00e9. Le massage n&#8217;est pas envisag\u00e9 uniquement comme un simple moment de d\u00e9tente mais aussi comme un moyen de soigner les personnes. D\u00e8s les premi\u00e8res s\u00e9ances un sentiment de bien-\u00eatre et relaxation en r\u00e9sulte.\" \/>\n<meta property=\"og:url\" content=\"https:\/\/massages-tuina.com\/\" \/>\n<meta property=\"og:site_name\" content=\"Massages Tuina\" \/>\n<meta property=\"article:modified_time\" content=\"2021-05-05T12:49:35+00:00\" \/>\n<meta property=\"og:image\" content=\"https:\/\/massages-tuina.com\/wp-content\/uploads\/2019\/08\/MG_8557_600.jpg\" \/>\n<meta name=\"twitter:card\" content=\"summary_large_image\" \/>\n<meta name=\"twitter:label1\" content=\"Est. reading time\" \/>\n\t<meta name=\"twitter:data1\" content=\"2 minutes\" \/>\n<script type=\"application\/ld+json\" class=\"yoast-schema-graph\">{\"@context\":\"https:\\\/\\\/schema.org\",\"@graph\":[{\"@type\":\"WebPage\",\"@id\":\"https:\\\/\\\/massages-tuina.com\\\/\",\"url\":\"https:\\\/\\\/massages-tuina.com\\\/\",\"name\":\"TUI-NA &#8212; Massages Tuina\",\"isPartOf\":{\"@id\":\"https:\\\/\\\/massages-tuina.com\\\/#website\"},\"primaryImageOfPage\":{\"@id\":\"https:\\\/\\\/massages-tuina.com\\\/#primaryimage\"},\"image\":{\"@id\":\"https:\\\/\\\/massages-tuina.com\\\/#primaryimage\"},\"thumbnailUrl\":\"https:\\\/\\\/massages-tuina.com\\\/wp-content\\\/uploads\\\/2019\\\/08\\\/MG_8557_600.jpg\",\"datePublished\":\"2019-07-27T09:33:17+00:00\",\"dateModified\":\"2021-05-05T12:49:35+00:00\",\"breadcrumb\":{\"@id\":\"https:\\\/\\\/massages-tuina.com\\\/#breadcrumb\"},\"inLanguage\":\"en-US\",\"potentialAction\":[{\"@type\":\"ReadAction\",\"target\":[\"https:\\\/\\\/massages-tuina.com\\\/\"]}]},{\"@type\":\"ImageObject\",\"inLanguage\":\"en-US\",\"@id\":\"https:\\\/\\\/massages-tuina.com\\\/#primaryimage\",\"url\":\"https:\\\/\\\/massages-tuina.com\\\/wp-content\\\/uploads\\\/2019\\\/08\\\/MG_8557_600.jpg\",\"contentUrl\":\"https:\\\/\\\/massages-tuina.com\\\/wp-content\\\/uploads\\\/2019\\\/08\\\/MG_8557_600.jpg\",\"width\":800,\"height\":533},{\"@type\":\"BreadcrumbList\",\"@id\":\"https:\\\/\\\/massages-tuina.com\\\/#breadcrumb\",\"itemListElement\":[{\"@type\":\"ListItem\",\"position\":1,\"name\":\"Accueil\",\"item\":\"https:\\\/\\\/massages-tuina.com\\\/\"},{\"@type\":\"ListItem\",\"position\":2,\"name\":\"TUI-NA\"}]},{\"@type\":\"WebSite\",\"@id\":\"https:\\\/\\\/massages-tuina.com\\\/#website\",\"url\":\"https:\\\/\\\/massages-tuina.com\\\/\",\"name\":\"Massages Tuina\",\"description\":\"\",\"publisher\":{\"@id\":\"https:\\\/\\\/massages-tuina.com\\\/#organization\"},\"potentialAction\":[{\"@type\":\"SearchAction\",\"target\":{\"@type\":\"EntryPoint\",\"urlTemplate\":\"https:\\\/\\\/massages-tuina.com\\\/?s={search_term_string}\"},\"query-input\":{\"@type\":\"PropertyValueSpecification\",\"valueRequired\":true,\"valueName\":\"search_term_string\"}}],\"inLanguage\":\"en-US\"},{\"@type\":\"Organization\",\"@id\":\"https:\\\/\\\/massages-tuina.com\\\/#organization\",\"name\":\"Massages Tui-Na\",\"url\":\"https:\\\/\\\/massages-tuina.com\\\/\",\"logo\":{\"@type\":\"ImageObject\",\"inLanguage\":\"en-US\",\"@id\":\"https:\\\/\\\/massages-tuina.com\\\/#\\\/schema\\\/logo\\\/image\\\/\",\"url\":\"https:\\\/\\\/massages-tuina.com\\\/wp-content\\\/uploads\\\/2019\\\/08\\\/MG_8557_600.jpg\",\"contentUrl\":\"https:\\\/\\\/massages-tuina.com\\\/wp-content\\\/uploads\\\/2019\\\/08\\\/MG_8557_600.jpg\",\"width\":800,\"height\":533,\"caption\":\"Massages Tui-Na\"},\"image\":{\"@id\":\"https:\\\/\\\/massages-tuina.com\\\/#\\\/schema\\\/logo\\\/image\\\/\"}}]}<\/script>\n<!-- \/ Yoast SEO plugin. -->","yoast_head_json":{"title":"TUI-NA &#8212; Massages Tuina","robots":{"index":"index","follow":"follow","max-snippet":"max-snippet:-1","max-image-preview":"max-image-preview:large","max-video-preview":"max-video-preview:-1"},"canonical":"https:\/\/massages-tuina.com\/","og_locale":"en_US","og_type":"article","og_title":"TUI-NA &#8212; Massages Tuina","og_description":"Information Importante Le cabinet est r\u00e9ouvert depuis le 28.04.2021. Le postulat de d\u00e9part de la m\u00e9decine Chinoise est que notre organisme fonctionne de mani\u00e8re parfaite et que ce sont les effets engendr\u00e9s par les activit\u00e9s et l\u2019environnement qui provoquent les d\u00e9s\u00e9quilibres. Le TUI-NA ou massage m\u00e9dicinal Chinois est une discipline qui met en jeu la stimulation des points d&#8217;\u00e9nergie utilisant les m\u00e9ridiens du corps. L&#8217;int\u00e9r\u00eat de ce r\u00e9\u00e9quilibrage est d&#8217;obtenir un soulagement rapide de diff\u00e9rents sympt\u00f4mes. Cette pratique est connue depuis 3000 ans et fait toujours partie de l&#8217;arsenal actuel th\u00e9rapeutique en Chine. L&#8217;efficacit\u00e9 de cette m\u00e9thode fait preuve depuis des mill\u00e9naires. Le Tui-Na est encore peu connu en occident malgr\u00e9 les nombreux effets b\u00e9n\u00e9fiques sur la sant\u00e9. Le massage n&#8217;est pas envisag\u00e9 uniquement comme un simple moment de d\u00e9tente mais aussi comme un moyen de soigner les personnes. D\u00e8s les premi\u00e8res s\u00e9ances un sentiment de bien-\u00eatre et relaxation en r\u00e9sulte.","og_url":"https:\/\/massages-tuina.com\/","og_site_name":"Massages Tuina","article_modified_time":"2021-05-05T12:49:35+00:00","og_image":[{"url":"https:\/\/massages-tuina.com\/wp-content\/uploads\/2019\/08\/MG_8557_600.jpg","type":"","width":"","height":""}],"twitter_card":"summary_large_image","twitter_misc":{"Est. reading time":"2 minutes"},"schema":{"@context":"https:\/\/schema.org","@graph":[{"@type":"WebPage","@id":"https:\/\/massages-tuina.com\/","url":"https:\/\/massages-tuina.com\/","name":"TUI-NA &#8212; Massages Tuina","isPartOf":{"@id":"https:\/\/massages-tuina.com\/#website"},"primaryImageOfPage":{"@id":"https:\/\/massages-tuina.com\/#primaryimage"},"image":{"@id":"https:\/\/massages-tuina.com\/#primaryimage"},"thumbnailUrl":"https:\/\/massages-tuina.com\/wp-content\/uploads\/2019\/08\/MG_8557_600.jpg","datePublished":"2019-07-27T09:33:17+00:00","dateModified":"2021-05-05T12:49:35+00:00","breadcrumb":{"@id":"https:\/\/massages-tuina.com\/#breadcrumb"},"inLanguage":"en-US","potentialAction":[{"@type":"ReadAction","target":["https:\/\/massages-tuina.com\/"]}]},{"@type":"ImageObject","inLanguage":"en-US","@id":"https:\/\/massages-tuina.com\/#primaryimage","url":"https:\/\/massages-tuina.com\/wp-content\/uploads\/2019\/08\/MG_8557_600.jpg","contentUrl":"https:\/\/massages-tuina.com\/wp-content\/uploads\/2019\/08\/MG_8557_600.jpg","width":800,"height":533},{"@type":"BreadcrumbList","@id":"https:\/\/massages-tuina.com\/#breadcrumb","itemListElement":[{"@type":"ListItem","position":1,"name":"Accueil","item":"https:\/\/massages-tuina.com\/"},{"@type":"ListItem","position":2,"name":"TUI-NA"}]},{"@type":"WebSite","@id":"https:\/\/massages-tuina.com\/#website","url":"https:\/\/massages-tuina.com\/","name":"Massages Tuina","description":"","publisher":{"@id":"https:\/\/massages-tuina.com\/#organization"},"potentialAction":[{"@type":"SearchAction","target":{"@type":"EntryPoint","urlTemplate":"https:\/\/massages-tuina.com\/?s={search_term_string}"},"query-input":{"@type":"PropertyValueSpecification","valueRequired":true,"valueName":"search_term_string"}}],"inLanguage":"en-US"},{"@type":"Organization","@id":"https:\/\/massages-tuina.com\/#organization","name":"Massages Tui-Na","url":"https:\/\/massages-tuina.com\/","logo":{"@type":"ImageObject","inLanguage":"en-US","@id":"https:\/\/massages-tuina.com\/#\/schema\/logo\/image\/","url":"https:\/\/massages-tuina.com\/wp-content\/uploads\/2019\/08\/MG_8557_600.jpg","contentUrl":"https:\/\/massages-tuina.com\/wp-content\/uploads\/2019\/08\/MG_8557_600.jpg","width":800,"height":533,"caption":"Massages Tui-Na"},"image":{"@id":"https:\/\/massages-tuina.com\/#\/schema\/logo\/image\/"}}]}},"_links":{"self":[{"href":"https:\/\/massages-tuina.com\/index.php\/wp-json\/wp\/v2\/pages\/23","targetHints":{"allow":["GET"]}}],"collection":[{"href":"https:\/\/massages-tuina.com\/index.php\/wp-json\/wp\/v2\/pages"}],"about":[{"href":"https:\/\/massages-tuina.com\/index.php\/wp-json\/wp\/v2\/types\/page"}],"author":[{"embeddable":true,"href":"https:\/\/massages-tuina.com\/index.php\/wp-json\/wp\/v2\/users\/1"}],"replies":[{"embeddable":true,"href":"https:\/\/massages-tuina.com\/index.php\/wp-json\/wp\/v2\/comments?post=23"}],"version-history":[{"count":16,"href":"https:\/\/massages-tuina.com\/index.php\/wp-json\/wp\/v2\/pages\/23\/revisions"}],"predecessor-version":[{"id":124,"href":"https:\/\/massages-tuina.com\/index.php\/wp-json\/wp\/v2\/pages\/23\/revisions\/124"}],"wp:attachment":[{"href":"https:\/\/massages-tuina.com\/index.php\/wp-json\/wp\/v2\/media?parent=23"}],"curies":[{"name":"wp","href":"https:\/\/api.w.org\/{rel}","templated":true}]}}