{"id":34,"date":"2019-07-27T12:09:02","date_gmt":"2019-07-27T10:09:02","guid":{"rendered":"http:\/\/massages-tuina.com\/?page_id=34"},"modified":"2019-07-31T17:24:43","modified_gmt":"2019-07-31T15:24:43","slug":"mon-profil-soins","status":"publish","type":"page","link":"https:\/\/massages-tuina.com\/index.php\/mon-profil-soins\/","title":{"rendered":"Mon profil \/ soins"},"content":{"rendered":"\n<p>J&#8217;ai pratiqu\u00e9 le massage Tui-Na pendant plus de dix ans en milieu hospitalier \u00e0 Changsha, capitale du Hunan, 8 millions d&#8217;habitants, et obtenu mon certificat de haute qualification professionnelle aupr\u00e8s des meilleurs ma\u00eetres de la discipline.<\/p>\n\n\n\n<p>En ouvrant mon cabinet en Belgique \u00e0 Stavelot je compte faire profiter de mon exp\u00e9rience th\u00e9rapeutique les clients souffrant de :<\/p>\n\n\n\n<ul class=\"wp-block-list\"><li>Maux de dos<\/li><li>Douleurs musculaires, bras, jambes, \u00e9paules<\/li><li>Douleurs articulaires, cervicales<\/li><li>Stress &#8211; insomnie &#8211; burn-out<\/li><li>R\u00e9\u00e9quilibrage des \u00e9nergies fondamentales du fonctionnement psychique et physique<\/li><li>Soins de visage (points m\u00e9ridiens)<\/li><li>Massage cr\u00e2nien<\/li><li>Apport de bien-\u00eatre corps et esprit<\/li><li>Enfants (apaisement nerveux)<\/li><\/ul>\n\n\n\n<p>Le cabinet est situ\u00e9 dans un cadre de verdure ou r\u00e8gne silence et apaisement, mais facile d&#8217;acc\u00e8s.<\/p>\n\n\n\n<ul class=\"wp-block-gallery columns-3 is-cropped wp-block-gallery-1 is-layout-flex wp-block-gallery-is-layout-flex\"><li class=\"blocks-gallery-item\"><figure><img loading=\"lazy\" decoding=\"async\" width=\"600\" height=\"400\" src=\"http:\/\/massages-tuina.com\/wp-content\/uploads\/2019\/07\/MG_8581_600.jpg\" alt=\"\" data-id=\"63\" data-link=\"http:\/\/massages-tuina.com\/_mg_8581_600\/\" class=\"wp-image-63\" srcset=\"https:\/\/massages-tuina.com\/wp-content\/uploads\/2019\/07\/MG_8581_600.jpg 600w, https:\/\/massages-tuina.com\/wp-content\/uploads\/2019\/07\/MG_8581_600-300x200.jpg 300w\" sizes=\"auto, (max-width: 600px) 100vw, 600px\" \/><\/figure><\/li><li class=\"blocks-gallery-item\"><figure><img loading=\"lazy\" decoding=\"async\" width=\"600\" height=\"400\" src=\"http:\/\/massages-tuina.com\/wp-content\/uploads\/2019\/07\/MG_8598_600.jpg\" alt=\"\" data-id=\"64\" data-link=\"http:\/\/massages-tuina.com\/_mg_8598_600\/\" class=\"wp-image-64\" srcset=\"https:\/\/massages-tuina.com\/wp-content\/uploads\/2019\/07\/MG_8598_600.jpg 600w, https:\/\/massages-tuina.com\/wp-content\/uploads\/2019\/07\/MG_8598_600-300x200.jpg 300w\" sizes=\"auto, (max-width: 600px) 100vw, 600px\" \/><\/figure><\/li><li class=\"blocks-gallery-item\"><figure><img loading=\"lazy\" decoding=\"async\" width=\"600\" height=\"400\" src=\"http:\/\/massages-tuina.com\/wp-content\/uploads\/2019\/07\/MG_8505_600.jpg\" alt=\"\" data-id=\"59\" data-link=\"http:\/\/massages-tuina.com\/_mg_8505_600\/\" class=\"wp-image-59\" srcset=\"https:\/\/massages-tuina.com\/wp-content\/uploads\/2019\/07\/MG_8505_600.jpg 600w, https:\/\/massages-tuina.com\/wp-content\/uploads\/2019\/07\/MG_8505_600-300x200.jpg 300w\" sizes=\"auto, (max-width: 600px) 100vw, 600px\" \/><\/figure><\/li><li class=\"blocks-gallery-item\"><figure><img loading=\"lazy\" decoding=\"async\" width=\"600\" height=\"400\" src=\"http:\/\/massages-tuina.com\/wp-content\/uploads\/2019\/07\/MG_8555_600.jpg\" alt=\"\" data-id=\"62\" data-link=\"http:\/\/massages-tuina.com\/_mg_8555_600\/\" class=\"wp-image-62\" srcset=\"https:\/\/massages-tuina.com\/wp-content\/uploads\/2019\/07\/MG_8555_600.jpg 600w, https:\/\/massages-tuina.com\/wp-content\/uploads\/2019\/07\/MG_8555_600-300x200.jpg 300w\" sizes=\"auto, (max-width: 600px) 100vw, 600px\" \/><\/figure><\/li><li class=\"blocks-gallery-item\"><figure><img loading=\"lazy\" decoding=\"async\" width=\"600\" height=\"400\" src=\"http:\/\/massages-tuina.com\/wp-content\/uploads\/2019\/07\/MG_8521_600.jpg\" alt=\"\" data-id=\"60\" data-link=\"http:\/\/massages-tuina.com\/_mg_8521_600\/\" class=\"wp-image-60\" srcset=\"https:\/\/massages-tuina.com\/wp-content\/uploads\/2019\/07\/MG_8521_600.jpg 600w, https:\/\/massages-tuina.com\/wp-content\/uploads\/2019\/07\/MG_8521_600-300x200.jpg 300w\" sizes=\"auto, (max-width: 600px) 100vw, 600px\" \/><\/figure><\/li><li class=\"blocks-gallery-item\"><figure><img loading=\"lazy\" decoding=\"async\" width=\"600\" height=\"400\" src=\"http:\/\/massages-tuina.com\/wp-content\/uploads\/2019\/07\/MG_8545_600.jpg\" alt=\"\" data-id=\"61\" data-link=\"http:\/\/massages-tuina.com\/_mg_8545_600\/\" class=\"wp-image-61\" srcset=\"https:\/\/massages-tuina.com\/wp-content\/uploads\/2019\/07\/MG_8545_600.jpg 600w, https:\/\/massages-tuina.com\/wp-content\/uploads\/2019\/07\/MG_8545_600-300x200.jpg 300w\" sizes=\"auto, (max-width: 600px) 100vw, 600px\" \/><\/figure><\/li><\/ul>\n","protected":false},"excerpt":{"rendered":"<p>J&#8217;ai pratiqu\u00e9 le massage Tui-Na pendant plus de dix ans en milieu hospitalier \u00e0 Changsha, capitale du Hunan, 8 millions d&#8217;habitants, et obtenu mon certificat de haute qualification professionnelle aupr\u00e8s des meilleurs ma\u00eetres de la discipline. En ouvrant mon cabinet en Belgique \u00e0 Stavelot je compte faire profiter de mon exp\u00e9rience th\u00e9rapeutique les clients souffrant de : Maux de dos Douleurs musculaires, bras, jambes, \u00e9paules Douleurs articulaires, cervicales Stress &#8211; insomnie &#8211; burn-out R\u00e9\u00e9quilibrage des \u00e9nergies fondamentales du fonctionnement psychique et physique Soins de visage (points m\u00e9ridiens) Massage cr\u00e2nien Apport de bien-\u00eatre corps et esprit Enfants (apaisement nerveux) Le cabinet est situ\u00e9 dans un cadre de verdure ou r\u00e8gne silence et apaisement, mais facile d&#8217;acc\u00e8s.<\/p>\n","protected":false},"author":1,"featured_media":0,"parent":0,"menu_order":0,"comment_status":"closed","ping_status":"closed","template":"","meta":{"footnotes":""},"class_list":["post-34","page","type-page","status-publish","hentry"],"yoast_head":"<!-- This site is optimized with the Yoast SEO plugin v27.6 - https:\/\/yoast.com\/product\/yoast-seo-wordpress\/ -->\n<title>Mon profil \/ soins &#8212; Massages Tuina<\/title>\n<meta name=\"robots\" content=\"index, follow, max-snippet:-1, max-image-preview:large, max-video-preview:-1\" \/>\n<link rel=\"canonical\" href=\"https:\/\/massages-tuina.com\/index.php\/mon-profil-soins\/\" \/>\n<meta property=\"og:locale\" content=\"en_US\" \/>\n<meta property=\"og:type\" content=\"article\" \/>\n<meta property=\"og:title\" content=\"Mon profil \/ soins &#8212; Massages Tuina\" \/>\n<meta property=\"og:description\" content=\"J&#8217;ai pratiqu\u00e9 le massage Tui-Na pendant plus de dix ans en milieu hospitalier \u00e0 Changsha, capitale du Hunan, 8 millions d&#8217;habitants, et obtenu mon certificat de haute qualification professionnelle aupr\u00e8s des meilleurs ma\u00eetres de la discipline. En ouvrant mon cabinet en Belgique \u00e0 Stavelot je compte faire profiter de mon exp\u00e9rience th\u00e9rapeutique les clients souffrant de : Maux de dos Douleurs musculaires, bras, jambes, \u00e9paules Douleurs articulaires, cervicales Stress &#8211; insomnie &#8211; burn-out R\u00e9\u00e9quilibrage des \u00e9nergies fondamentales du fonctionnement psychique et physique Soins de visage (points m\u00e9ridiens) Massage cr\u00e2nien Apport de bien-\u00eatre corps et esprit Enfants (apaisement nerveux) Le cabinet est situ\u00e9 dans un cadre de verdure ou r\u00e8gne silence et apaisement, mais facile d&#8217;acc\u00e8s.\" \/>\n<meta property=\"og:url\" content=\"https:\/\/massages-tuina.com\/index.php\/mon-profil-soins\/\" \/>\n<meta property=\"og:site_name\" content=\"Massages Tuina\" \/>\n<meta property=\"article:modified_time\" content=\"2019-07-31T15:24:43+00:00\" \/>\n<meta property=\"og:image\" content=\"http:\/\/massages-tuina.com\/wp-content\/uploads\/2019\/07\/MG_8581_600.jpg\" \/>\n<meta name=\"twitter:card\" content=\"summary_large_image\" \/>\n<meta name=\"twitter:label1\" content=\"Est. reading time\" \/>\n\t<meta name=\"twitter:data1\" content=\"1 minute\" \/>\n<script type=\"application\/ld+json\" class=\"yoast-schema-graph\">{\"@context\":\"https:\\\/\\\/schema.org\",\"@graph\":[{\"@type\":\"WebPage\",\"@id\":\"https:\\\/\\\/massages-tuina.com\\\/index.php\\\/mon-profil-soins\\\/\",\"url\":\"https:\\\/\\\/massages-tuina.com\\\/index.php\\\/mon-profil-soins\\\/\",\"name\":\"Mon profil \\\/ soins &#8212; Massages Tuina\",\"isPartOf\":{\"@id\":\"https:\\\/\\\/massages-tuina.com\\\/#website\"},\"primaryImageOfPage\":{\"@id\":\"https:\\\/\\\/massages-tuina.com\\\/index.php\\\/mon-profil-soins\\\/#primaryimage\"},\"image\":{\"@id\":\"https:\\\/\\\/massages-tuina.com\\\/index.php\\\/mon-profil-soins\\\/#primaryimage\"},\"thumbnailUrl\":\"http:\\\/\\\/massages-tuina.com\\\/wp-content\\\/uploads\\\/2019\\\/07\\\/MG_8581_600.jpg\",\"datePublished\":\"2019-07-27T10:09:02+00:00\",\"dateModified\":\"2019-07-31T15:24:43+00:00\",\"breadcrumb\":{\"@id\":\"https:\\\/\\\/massages-tuina.com\\\/index.php\\\/mon-profil-soins\\\/#breadcrumb\"},\"inLanguage\":\"en-US\",\"potentialAction\":[{\"@type\":\"ReadAction\",\"target\":[\"https:\\\/\\\/massages-tuina.com\\\/index.php\\\/mon-profil-soins\\\/\"]}]},{\"@type\":\"ImageObject\",\"inLanguage\":\"en-US\",\"@id\":\"https:\\\/\\\/massages-tuina.com\\\/index.php\\\/mon-profil-soins\\\/#primaryimage\",\"url\":\"http:\\\/\\\/massages-tuina.com\\\/wp-content\\\/uploads\\\/2019\\\/07\\\/MG_8581_600.jpg\",\"contentUrl\":\"http:\\\/\\\/massages-tuina.com\\\/wp-content\\\/uploads\\\/2019\\\/07\\\/MG_8581_600.jpg\"},{\"@type\":\"BreadcrumbList\",\"@id\":\"https:\\\/\\\/massages-tuina.com\\\/index.php\\\/mon-profil-soins\\\/#breadcrumb\",\"itemListElement\":[{\"@type\":\"ListItem\",\"position\":1,\"name\":\"Accueil\",\"item\":\"https:\\\/\\\/massages-tuina.com\\\/\"},{\"@type\":\"ListItem\",\"position\":2,\"name\":\"Mon profil \\\/ soins\"}]},{\"@type\":\"WebSite\",\"@id\":\"https:\\\/\\\/massages-tuina.com\\\/#website\",\"url\":\"https:\\\/\\\/massages-tuina.com\\\/\",\"name\":\"Massages Tuina\",\"description\":\"\",\"publisher\":{\"@id\":\"https:\\\/\\\/massages-tuina.com\\\/#organization\"},\"potentialAction\":[{\"@type\":\"SearchAction\",\"target\":{\"@type\":\"EntryPoint\",\"urlTemplate\":\"https:\\\/\\\/massages-tuina.com\\\/?s={search_term_string}\"},\"query-input\":{\"@type\":\"PropertyValueSpecification\",\"valueRequired\":true,\"valueName\":\"search_term_string\"}}],\"inLanguage\":\"en-US\"},{\"@type\":\"Organization\",\"@id\":\"https:\\\/\\\/massages-tuina.com\\\/#organization\",\"name\":\"Massages Tui-Na\",\"url\":\"https:\\\/\\\/massages-tuina.com\\\/\",\"logo\":{\"@type\":\"ImageObject\",\"inLanguage\":\"en-US\",\"@id\":\"https:\\\/\\\/massages-tuina.com\\\/#\\\/schema\\\/logo\\\/image\\\/\",\"url\":\"https:\\\/\\\/massages-tuina.com\\\/wp-content\\\/uploads\\\/2019\\\/08\\\/MG_8557_600.jpg\",\"contentUrl\":\"https:\\\/\\\/massages-tuina.com\\\/wp-content\\\/uploads\\\/2019\\\/08\\\/MG_8557_600.jpg\",\"width\":800,\"height\":533,\"caption\":\"Massages Tui-Na\"},\"image\":{\"@id\":\"https:\\\/\\\/massages-tuina.com\\\/#\\\/schema\\\/logo\\\/image\\\/\"}}]}<\/script>\n<!-- \/ Yoast SEO plugin. -->","yoast_head_json":{"title":"Mon profil \/ soins &#8212; Massages Tuina","robots":{"index":"index","follow":"follow","max-snippet":"max-snippet:-1","max-image-preview":"max-image-preview:large","max-video-preview":"max-video-preview:-1"},"canonical":"https:\/\/massages-tuina.com\/index.php\/mon-profil-soins\/","og_locale":"en_US","og_type":"article","og_title":"Mon profil \/ soins &#8212; Massages Tuina","og_description":"J&#8217;ai pratiqu\u00e9 le massage Tui-Na pendant plus de dix ans en milieu hospitalier \u00e0 Changsha, capitale du Hunan, 8 millions d&#8217;habitants, et obtenu mon certificat de haute qualification professionnelle aupr\u00e8s des meilleurs ma\u00eetres de la discipline. En ouvrant mon cabinet en Belgique \u00e0 Stavelot je compte faire profiter de mon exp\u00e9rience th\u00e9rapeutique les clients souffrant de : Maux de dos Douleurs musculaires, bras, jambes, \u00e9paules Douleurs articulaires, cervicales Stress &#8211; insomnie &#8211; burn-out R\u00e9\u00e9quilibrage des \u00e9nergies fondamentales du fonctionnement psychique et physique Soins de visage (points m\u00e9ridiens) Massage cr\u00e2nien Apport de bien-\u00eatre corps et esprit Enfants (apaisement nerveux) Le cabinet est situ\u00e9 dans un cadre de verdure ou r\u00e8gne silence et apaisement, mais facile d&#8217;acc\u00e8s.","og_url":"https:\/\/massages-tuina.com\/index.php\/mon-profil-soins\/","og_site_name":"Massages Tuina","article_modified_time":"2019-07-31T15:24:43+00:00","og_image":[{"url":"http:\/\/massages-tuina.com\/wp-content\/uploads\/2019\/07\/MG_8581_600.jpg","type":"","width":"","height":""}],"twitter_card":"summary_large_image","twitter_misc":{"Est. reading time":"1 minute"},"schema":{"@context":"https:\/\/schema.org","@graph":[{"@type":"WebPage","@id":"https:\/\/massages-tuina.com\/index.php\/mon-profil-soins\/","url":"https:\/\/massages-tuina.com\/index.php\/mon-profil-soins\/","name":"Mon profil \/ soins &#8212; Massages Tuina","isPartOf":{"@id":"https:\/\/massages-tuina.com\/#website"},"primaryImageOfPage":{"@id":"https:\/\/massages-tuina.com\/index.php\/mon-profil-soins\/#primaryimage"},"image":{"@id":"https:\/\/massages-tuina.com\/index.php\/mon-profil-soins\/#primaryimage"},"thumbnailUrl":"http:\/\/massages-tuina.com\/wp-content\/uploads\/2019\/07\/MG_8581_600.jpg","datePublished":"2019-07-27T10:09:02+00:00","dateModified":"2019-07-31T15:24:43+00:00","breadcrumb":{"@id":"https:\/\/massages-tuina.com\/index.php\/mon-profil-soins\/#breadcrumb"},"inLanguage":"en-US","potentialAction":[{"@type":"ReadAction","target":["https:\/\/massages-tuina.com\/index.php\/mon-profil-soins\/"]}]},{"@type":"ImageObject","inLanguage":"en-US","@id":"https:\/\/massages-tuina.com\/index.php\/mon-profil-soins\/#primaryimage","url":"http:\/\/massages-tuina.com\/wp-content\/uploads\/2019\/07\/MG_8581_600.jpg","contentUrl":"http:\/\/massages-tuina.com\/wp-content\/uploads\/2019\/07\/MG_8581_600.jpg"},{"@type":"BreadcrumbList","@id":"https:\/\/massages-tuina.com\/index.php\/mon-profil-soins\/#breadcrumb","itemListElement":[{"@type":"ListItem","position":1,"name":"Accueil","item":"https:\/\/massages-tuina.com\/"},{"@type":"ListItem","position":2,"name":"Mon profil \/ soins"}]},{"@type":"WebSite","@id":"https:\/\/massages-tuina.com\/#website","url":"https:\/\/massages-tuina.com\/","name":"Massages Tuina","description":"","publisher":{"@id":"https:\/\/massages-tuina.com\/#organization"},"potentialAction":[{"@type":"SearchAction","target":{"@type":"EntryPoint","urlTemplate":"https:\/\/massages-tuina.com\/?s={search_term_string}"},"query-input":{"@type":"PropertyValueSpecification","valueRequired":true,"valueName":"search_term_string"}}],"inLanguage":"en-US"},{"@type":"Organization","@id":"https:\/\/massages-tuina.com\/#organization","name":"Massages Tui-Na","url":"https:\/\/massages-tuina.com\/","logo":{"@type":"ImageObject","inLanguage":"en-US","@id":"https:\/\/massages-tuina.com\/#\/schema\/logo\/image\/","url":"https:\/\/massages-tuina.com\/wp-content\/uploads\/2019\/08\/MG_8557_600.jpg","contentUrl":"https:\/\/massages-tuina.com\/wp-content\/uploads\/2019\/08\/MG_8557_600.jpg","width":800,"height":533,"caption":"Massages Tui-Na"},"image":{"@id":"https:\/\/massages-tuina.com\/#\/schema\/logo\/image\/"}}]}},"_links":{"self":[{"href":"https:\/\/massages-tuina.com\/index.php\/wp-json\/wp\/v2\/pages\/34","targetHints":{"allow":["GET"]}}],"collection":[{"href":"https:\/\/massages-tuina.com\/index.php\/wp-json\/wp\/v2\/pages"}],"about":[{"href":"https:\/\/massages-tuina.com\/index.php\/wp-json\/wp\/v2\/types\/page"}],"author":[{"embeddable":true,"href":"https:\/\/massages-tuina.com\/index.php\/wp-json\/wp\/v2\/users\/1"}],"replies":[{"embeddable":true,"href":"https:\/\/massages-tuina.com\/index.php\/wp-json\/wp\/v2\/comments?post=34"}],"version-history":[{"count":3,"href":"https:\/\/massages-tuina.com\/index.php\/wp-json\/wp\/v2\/pages\/34\/revisions"}],"predecessor-version":[{"id":72,"href":"https:\/\/massages-tuina.com\/index.php\/wp-json\/wp\/v2\/pages\/34\/revisions\/72"}],"wp:attachment":[{"href":"https:\/\/massages-tuina.com\/index.php\/wp-json\/wp\/v2\/media?parent=34"}],"curies":[{"name":"wp","href":"https:\/\/api.w.org\/{rel}","templated":true}]}}